{"id":380,"date":"2020-11-30T11:49:21","date_gmt":"2020-11-30T11:49:21","guid":{"rendered":"https:\/\/www.pikered.com\/privacy\/"},"modified":"2023-02-07T12:51:46","modified_gmt":"2023-02-07T11:51:46","slug":"privacy","status":"publish","type":"page","link":"https:\/\/www.pikered.com\/it\/privacy\/","title":{"rendered":"Privacy"},"content":{"rendered":"<p>In questa pagina si descrivono le modalit\u00e0 di gestione del sito in riferimento al trattamento dei dati personali degli utenti che lo consultano. La presente informativa \u00e8 resa ai sensi dell\u2019art. 13 del Regolamento UE 2016\/679, Regolamento Europeo sulla Protezione dei Dati Personali (di seguito, \u201cRegolamento\u201d oppure \u201cGDPR\u201d) a coloro che interagiscono con i servizi web del sito <a href=\"https:\/\/www.pikered.com\/\">https:\/\/www.pikered.com<\/a><\/p>\n<p>Le presenti informazioni non riguardano altri siti, pagine o servizi online raggiungibili tramite link ipertestuali eventualmente pubblicati nei siti ma riferiti a risorse esterne al dominio <a href=\"https:\/\/www.pikered.com\/\">https:\/\/www.pikered.com<\/a><\/p>\n<h3><strong>TITOLARE DEL TRATTAMENTO\u00a0 <\/strong><\/h3>\n<p>Il Titolare del trattamento dei dati, ai sensi degli artt. 4 e 24 del Reg. UE 2016\/679 \u00e8 <strong>PIKERED S.R.L<\/strong> Via Borgonuovo, 9 20121 Milano (MI), Email: <a href=\"mailto:privacy\">privacy<\/a><\/p>\n<h3><strong>RESPONSABILE DELLA PROTEZIONE DATI PERSONALI<\/strong><\/h3>\n<p>Il Responsabile della Protezione dei Dati &#8211; RPD (Data Protection Officer &#8211; DPO) nominato dal Titolare del trattamento pu\u00f2 essere contattato via email all\u2019indirizzo <a href=\"mailto:dpo\">dpo<\/a><\/p>\n<h3><strong>CHE TIPO DI DATI PERSONALI RACCOGLIAMO<\/strong><\/h3>\n<p>Il Titolare raccoglie e\/o riceve le informazioni che ti riguardano, quali: nome, cognome, azienda di appartenenza, partita iva o codice fiscale, ruolo, indirizzo, indirizzo e-mail, numero di telefono e fax.<\/p>\n<p><strong>a) Dati di navigazione<\/strong><\/p>\n<p>I sistemi informatici e le procedure software preposte per il corretto funzionamento del Sito acquisiscono, nel corso del loro normale esercizio, alcuni dati personali la cui trasmissione \u00e8 implicita nella navigazione dei siti web. Queste informazioni non sono raccolte per essere associate a interessati identificati; tuttavia, per loro stessa natura potrebbero, attraverso elaborazioni ed associazioni con dati detenuti da terzi, permettere di identificare gli utenti. In questa categoria di dati rientrano gli indirizzi IP o i nomi a dominio dei computer e dei terminali utilizzati dagli utenti, gli indirizzi in notazione URI\/URL (Uniform Resource Identifier\/Locator) delle risorse richieste, l\u2019orario della richiesta, il metodo utilizzato nel sottoporre la richiesta al server, la dimensione del file ottenuto in risposta, il codice numerico indicante lo stato della risposta data dal server (buon fine, errore, ecc.) ed altri parametri relativi al sistema operativo e all\u2019ambiente informatico dell\u2019utente.<\/p>\n<p><strong>b) Dati forniti volontariamente dall\u2019interessato<\/strong><\/p>\n<p>L\u2019invio facoltativo, esplicito e volontario di posta elettronica agli indirizzi indicati su questo sito comporta l\u2019acquisizione dell\u2019indirizzo del mittente, necessario per rispondere alle richieste, nonch\u00e9 degli eventuali altri dati personali inseriti nella missiva (richiesta di contatto o di informazioni).<\/p>\n<p>Specifiche informative di sintesi verranno pubblicate nelle pagine del sito predisposte per l\u2019erogazione di determinati servizi.<\/p>\n<p><strong>e) Cookies <\/strong><\/p>\n<p>Per maggiori informazioni sui cookies utilizzati dal presente sito web si veda la cookies policy al seguente <a href=\"https:\/\/www.pikered.com\/it\/cookies\">https:\/\/www.pikered.com\/it\/cookies<\/a><\/p>\n<h3><strong>FINALITA\u2019 E BASE GIURIDICA DEL TRATTAMENTO. PERIODO DI CONSERVAZIONE DEI DATI<\/strong><\/h3>\n<p>I dati raccolti saranno trattati per le seguenti finalit\u00e0:<\/p>\n<p><strong>a) Navigazione sul sito web<\/strong>: permetterle di navigare sul nostro sito web e altre piattaforme digitali.<\/p>\n<p>BASE GIURIDICA:\u00a0 Legittimo interesse.<\/p>\n<p>Periodo conservazione dati: fino alla durata della sessione di navigazione. Per navigazione si veda la cookie policy.<\/p>\n<p><strong>b) Richieste di contatto<\/strong>: permetterle di ottenere informazioni sui nostri servizi e ricevere informazioni. Tramite form di \u201ccontatti\u201d, noi raccogliamo le informazioni racchiuse nella richiesta, come: indirizzo mail del mittente (necessario per rispondere alle richieste), nome e cognome, ruolo, azienda e numero di telefono.<\/p>\n<p>BASE GIURIDICA: il trattamento \u00e8 necessario all&#8217;esecuzione di un contratto di cui l&#8217;interessato \u00e8 parte o all&#8217;esecuzione di misure precontrattuali adottate su richiesta dello stesso<\/p>\n<p>NATURA DEL CONFERIMENTO:\u00a0I dati personali sono necessari al fine dell\u2019adempimento della richiesta presentata attraverso la sezione \u201ccontatti\u201d o, che, se non forniti, rendono impossibile per il Titolare adempiere alle sue richieste.<\/p>\n<p>Periodo conservazione dati: 1 anno per contatti<\/p>\n<p><strong>a) Newsletter<\/strong>: permetterle l\u2019iscrizione alla nostra newsletter, con cui ricevere comunicazioni su promozioni, offerte, iniziative, etc.. Per interrompere la ricezione di materiale promozionale, potete in qualsiasi momento comunicarci di non voler pi\u00f9 usufruire di tale servizio. Per farlo \u00e8 sufficiente utilizzare la modalit\u00e0 \u201c<em>Unsubscribe<\/em>\u201d descritta e presente a pi\u00e8 di pagina di ogni mail ricevuta.<\/p>\n<p>BASE GIURIDICA: il consenso dell\u2019interessato<\/p>\n<p>NATURA DEL CONFERIMENTO:\u00a0Il conferimento dei dati per l\u2019iscrizione al servizio di newsletter \u00e8 facoltativo; tuttavia, in loro assenza non sar\u00e0 possibile iscriversi al servizio.<\/p>\n<p>Periodo conservazione dati: 24 mesi dall\u2019iscrizione, oppure fino a sua opposizione (opt-out\/revoca del consenso).<\/p>\n<h3><strong>MODALIT\u00c0 DEL TRATTAMENTO E CONSERVAZIONE DEI DATI<\/strong><\/h3>\n<p>Il trattamento dei dati verr\u00e0 svolto in forma automatizzata e manuale, con logiche strettamente correlate alle finalit\u00e0 indicate e comunque in modo da garantire la sicurezza e la riservatezza dei dati stessi, ad opera di soggetti di ci\u00f2 appositamente autorizzati. Tali dati saranno conservati, cos\u00ec come specificato al punto sopra, per il tempo strettamente necessario a fornirLe i servizi richiesti e saranno in ogni caso eliminati a seguito di una Sua richiesta, salvi ulteriori obblighi di conservazione previsti dalla legge.<\/p>\n<h3><strong>DESTINATARI DEI DATI PERSONALI<\/strong><\/h3>\n<p>I dati personali potranno essere comunicati a soggetti terzi che svolgono attivit\u00e0 necessarie per l\u2019erogazione dei servizi offerti dalla societ\u00e0, che tratteranno i dati in qualit\u00e0 di responsabili del trattamento e\/o in qualit\u00e0 di persone fisiche che agiscono sotto l\u2019autorit\u00e0 del Titolare e del Responsabile. Precisamente, i dati saranno trattati dai seguenti soggetti o categorie di soggetti:<\/p>\n<ul>\n<li>societ\u00e0 collegate a <strong>PIKERED S.R.L<\/strong> o partner commerciali che svolgono, a titolo esemplificativo, supporto alla prestazione dei servizi IT;<\/li>\n<li>societ\u00e0 e consulenti, in ambito di assistenza e consulenza legale, contabile e fiscale;<\/li>\n<li>soggetti che forniscono servizi per la gestione del sistema informativo e delle reti di telecomunicazioni; ivi compresa la posta elettronica, gestione siti internet e newsletter;<\/li>\n<li>Autorit\u00e0 competenti per adempimenti di obblighi di leggi e\/o di disposizioni di organi pubblici, su richiesta.<\/li>\n<\/ul>\n<p>Il Titolare garantisce la massima cura affinch\u00e9 la comunicazione dei Suoi dati personali ai predetti destinatari riguardi esclusivamente i dati necessari per il raggiungimento delle specifiche finalit\u00e0 cui sono destinati. I Suoi dati personali sono conservati nei database del Titolare e saranno trattati esclusivamente da parte di personale autorizzato.<\/p>\n<p>L\u2019elenco completo e aggiornato dei Responsabili del trattamento \u00e8 disponibile presso la sede della societ\u00e0.<\/p>\n<p>I suoi dati personali non saranno oggetto di diffusione.<\/p>\n<h3><strong>TRASFERIMENTO DEI DATI PERSONALI VERSO UN PAESE TERZO <\/strong><\/h3>\n<p>I dati di natura personale forniti non saranno trasferiti in Paesi Extra UE.<\/p>\n<h3><strong>DIRITTI DELL\u2019INTERESSATO<\/strong><\/h3>\n<p>Lei potr\u00e0 far valere i propri diritti come espressi dagli artt. 15, 16, 17, 18, 19, 20, 21 del Regolamento UE 2016\/679, chiedendo in qualunque momento, al Titolare del trattamento, l\u2019accesso ai Suoi dati personali, la rettifica, la cancellazione degli stessi, la limitazione del trattamento e la portabilit\u00e0 dei suoi dati, nel caso. Inoltre, ha il diritto di opporsi, in qualsiasi momento, al trattamento dei suoi dati basato sul consenso e\/o sul legittimo interesse. Per non ricevere pi\u00f9 comunicazioni di marketing diretto automatizzato (es. e-mail, sms) sar\u00e0 sufficiente scrivere in qualsiasi momento una e-mail all\u2019indirizzo\u00a0<em>privacy@pikered.com<\/em> con oggetto \u201ccancellami\u201d o utilizzare i nostri sistemi di cancellazione automatica previsti per le sole e-mail.<\/p>\n<p>Fatto salvo ogni altro ricorso amministrativo e giurisdizionale, se ritiene che il trattamento dei dati che la riguardano, violi quanto previsto dal Reg. UE 2016\/679, ai sensi dell\u2019art. 77 del succitato Reg. UE 2016\/679, Lei ha il diritto di proporre reclamo al Garante per la protezione dei dati personali (Autorit\u00e0 di controllo <a href=\"https:\/\/www.garanteprivacy.it\/\">www.garanteprivacy.it<\/a>).<\/p>\n<p>Per esercitare i diritti di cui sopra l\u2019interessato potr\u00e0 rivolgersi al Titolare ai seguenti recapiti: <a href=\"mailto:privacy\">privacy<\/a><\/p>\n<h3><strong>AGGIORNAMENTI<\/strong><\/h3>\n<p>La presente privacy policy pu\u00f2 subire modifiche e\/o integrazioni a seguito di eventuali successive modifiche e\/o integrazioni normative, all\u2019aggiornamento o erogazione di nuovi servizi ovvero ad intervenute innovazioni tecnologiche.<\/p>\n<p>Marzo 2022<\/p>\n","protected":false},"excerpt":{"rendered":"<p>In questa pagina si descrivono le modalit\u00e0 di gestione del sito in riferimento al trattamento dei dati personali degli utenti [&hellip;]<\/p>\n","protected":false},"author":1,"featured_media":0,"parent":0,"menu_order":62,"comment_status":"closed","ping_status":"closed","template":"template-content-only.php","meta":{"_acf_changed":false,"footnotes":""},"class_list":["post-380","page","type-page","status-publish","hentry"],"acf":[],"yoast_head":"<!-- This site is optimized with the Yoast SEO plugin v27.5 - https:\/\/yoast.com\/product\/yoast-seo-wordpress\/ -->\n<title>Privacy - Pikered<\/title>\n<meta name=\"robots\" content=\"noindex, follow\" \/>\n<meta property=\"og:locale\" content=\"it_IT\" \/>\n<meta property=\"og:type\" content=\"article\" \/>\n<meta property=\"og:title\" content=\"Privacy - Pikered\" \/>\n<meta property=\"og:description\" content=\"In questa pagina si descrivono le modalit\u00e0 di gestione del sito in riferimento al trattamento dei dati personali degli utenti [&hellip;]\" \/>\n<meta property=\"og:url\" content=\"https:\/\/www.pikered.com\/it\/privacy\/\" \/>\n<meta property=\"og:site_name\" content=\"Pikered\" \/>\n<meta property=\"article:modified_time\" content=\"2023-02-07T11:51:46+00:00\" \/>\n<meta name=\"twitter:card\" content=\"summary_large_image\" \/>\n<meta name=\"twitter:label1\" content=\"Tempo di lettura stimato\" \/>\n\t<meta name=\"twitter:data1\" content=\"7 minuti\" \/>\n<script type=\"application\/ld+json\" class=\"yoast-schema-graph\">{\"@context\":\"https:\\\/\\\/schema.org\",\"@graph\":[{\"@type\":\"WebPage\",\"@id\":\"https:\\\/\\\/www.pikered.com\\\/it\\\/privacy\\\/\",\"url\":\"https:\\\/\\\/www.pikered.com\\\/it\\\/privacy\\\/\",\"name\":\"Privacy - Pikered\",\"isPartOf\":{\"@id\":\"https:\\\/\\\/www.pikered.com\\\/it\\\/#website\"},\"datePublished\":\"2020-11-30T11:49:21+00:00\",\"dateModified\":\"2023-02-07T11:51:46+00:00\",\"breadcrumb\":{\"@id\":\"https:\\\/\\\/www.pikered.com\\\/it\\\/privacy\\\/#breadcrumb\"},\"inLanguage\":\"it-IT\",\"potentialAction\":[{\"@type\":\"ReadAction\",\"target\":[\"https:\\\/\\\/www.pikered.com\\\/it\\\/privacy\\\/\"]}]},{\"@type\":\"BreadcrumbList\",\"@id\":\"https:\\\/\\\/www.pikered.com\\\/it\\\/privacy\\\/#breadcrumb\",\"itemListElement\":[{\"@type\":\"ListItem\",\"position\":1,\"name\":\"Home\",\"item\":\"https:\\\/\\\/www.pikered.com\\\/it\\\/\"},{\"@type\":\"ListItem\",\"position\":2,\"name\":\"Privacy\"}]},{\"@type\":\"WebSite\",\"@id\":\"https:\\\/\\\/www.pikered.com\\\/it\\\/#website\",\"url\":\"https:\\\/\\\/www.pikered.com\\\/it\\\/\",\"name\":\"Pikered\",\"description\":\"\",\"publisher\":{\"@id\":\"https:\\\/\\\/www.pikered.com\\\/it\\\/#organization\"},\"potentialAction\":[{\"@type\":\"SearchAction\",\"target\":{\"@type\":\"EntryPoint\",\"urlTemplate\":\"https:\\\/\\\/www.pikered.com\\\/it\\\/?s={search_term_string}\"},\"query-input\":{\"@type\":\"PropertyValueSpecification\",\"valueRequired\":true,\"valueName\":\"search_term_string\"}}],\"inLanguage\":\"it-IT\"},{\"@type\":\"Organization\",\"@id\":\"https:\\\/\\\/www.pikered.com\\\/it\\\/#organization\",\"name\":\"Pikered\",\"url\":\"https:\\\/\\\/www.pikered.com\\\/it\\\/\",\"logo\":{\"@type\":\"ImageObject\",\"inLanguage\":\"it-IT\",\"@id\":\"https:\\\/\\\/www.pikered.com\\\/it\\\/#\\\/schema\\\/logo\\\/image\\\/\",\"url\":\"https:\\\/\\\/www.pikered.com\\\/wp-content\\\/uploads\\\/2020\\\/12\\\/pikered_logo-1.svg\",\"contentUrl\":\"https:\\\/\\\/www.pikered.com\\\/wp-content\\\/uploads\\\/2020\\\/12\\\/pikered_logo-1.svg\",\"width\":200,\"height\":75,\"caption\":\"Pikered\"},\"image\":{\"@id\":\"https:\\\/\\\/www.pikered.com\\\/it\\\/#\\\/schema\\\/logo\\\/image\\\/\"}}]}<\/script>\n<!-- \/ Yoast SEO plugin. -->","yoast_head_json":{"title":"Privacy - Pikered","robots":{"index":"noindex","follow":"follow"},"og_locale":"it_IT","og_type":"article","og_title":"Privacy - Pikered","og_description":"In questa pagina si descrivono le modalit\u00e0 di gestione del sito in riferimento al trattamento dei dati personali degli utenti [&hellip;]","og_url":"https:\/\/www.pikered.com\/it\/privacy\/","og_site_name":"Pikered","article_modified_time":"2023-02-07T11:51:46+00:00","twitter_card":"summary_large_image","twitter_misc":{"Tempo di lettura stimato":"7 minuti"},"schema":{"@context":"https:\/\/schema.org","@graph":[{"@type":"WebPage","@id":"https:\/\/www.pikered.com\/it\/privacy\/","url":"https:\/\/www.pikered.com\/it\/privacy\/","name":"Privacy - Pikered","isPartOf":{"@id":"https:\/\/www.pikered.com\/it\/#website"},"datePublished":"2020-11-30T11:49:21+00:00","dateModified":"2023-02-07T11:51:46+00:00","breadcrumb":{"@id":"https:\/\/www.pikered.com\/it\/privacy\/#breadcrumb"},"inLanguage":"it-IT","potentialAction":[{"@type":"ReadAction","target":["https:\/\/www.pikered.com\/it\/privacy\/"]}]},{"@type":"BreadcrumbList","@id":"https:\/\/www.pikered.com\/it\/privacy\/#breadcrumb","itemListElement":[{"@type":"ListItem","position":1,"name":"Home","item":"https:\/\/www.pikered.com\/it\/"},{"@type":"ListItem","position":2,"name":"Privacy"}]},{"@type":"WebSite","@id":"https:\/\/www.pikered.com\/it\/#website","url":"https:\/\/www.pikered.com\/it\/","name":"Pikered","description":"","publisher":{"@id":"https:\/\/www.pikered.com\/it\/#organization"},"potentialAction":[{"@type":"SearchAction","target":{"@type":"EntryPoint","urlTemplate":"https:\/\/www.pikered.com\/it\/?s={search_term_string}"},"query-input":{"@type":"PropertyValueSpecification","valueRequired":true,"valueName":"search_term_string"}}],"inLanguage":"it-IT"},{"@type":"Organization","@id":"https:\/\/www.pikered.com\/it\/#organization","name":"Pikered","url":"https:\/\/www.pikered.com\/it\/","logo":{"@type":"ImageObject","inLanguage":"it-IT","@id":"https:\/\/www.pikered.com\/it\/#\/schema\/logo\/image\/","url":"https:\/\/www.pikered.com\/wp-content\/uploads\/2020\/12\/pikered_logo-1.svg","contentUrl":"https:\/\/www.pikered.com\/wp-content\/uploads\/2020\/12\/pikered_logo-1.svg","width":200,"height":75,"caption":"Pikered"},"image":{"@id":"https:\/\/www.pikered.com\/it\/#\/schema\/logo\/image\/"}}]}},"_links":{"self":[{"href":"https:\/\/www.pikered.com\/it\/wp-json\/wp\/v2\/pages\/380","targetHints":{"allow":["GET"]}}],"collection":[{"href":"https:\/\/www.pikered.com\/it\/wp-json\/wp\/v2\/pages"}],"about":[{"href":"https:\/\/www.pikered.com\/it\/wp-json\/wp\/v2\/types\/page"}],"author":[{"embeddable":true,"href":"https:\/\/www.pikered.com\/it\/wp-json\/wp\/v2\/users\/1"}],"replies":[{"embeddable":true,"href":"https:\/\/www.pikered.com\/it\/wp-json\/wp\/v2\/comments?post=380"}],"version-history":[{"count":13,"href":"https:\/\/www.pikered.com\/it\/wp-json\/wp\/v2\/pages\/380\/revisions"}],"predecessor-version":[{"id":2555,"href":"https:\/\/www.pikered.com\/it\/wp-json\/wp\/v2\/pages\/380\/revisions\/2555"}],"wp:attachment":[{"href":"https:\/\/www.pikered.com\/it\/wp-json\/wp\/v2\/media?parent=380"}],"curies":[{"name":"wp","href":"https:\/\/api.w.org\/{rel}","templated":true}]}}